{"id":162,"date":"2025-06-15T23:53:57","date_gmt":"2025-06-15T21:53:57","guid":{"rendered":"https:\/\/archscale.de\/?page_id=162"},"modified":"2025-09-12T13:05:48","modified_gmt":"2025-09-12T11:05:48","slug":"impressum","status":"publish","type":"page","link":"https:\/\/archscale.de\/index.php\/impressum\/","title":{"rendered":"Impressum"},"content":{"rendered":"<style>.kb-row-layout-wrap.wp-block-kadence-rowlayout.kb-row-layout-id162_130cf9-3c{margin-bottom:var(--global-kb-spacing-md, 2rem);}.kb-row-layout-id162_130cf9-3c > .kt-row-column-wrap{align-content:end;}:where(.kb-row-layout-id162_130cf9-3c > .kt-row-column-wrap) > .wp-block-kadence-column{justify-content:end;}.kb-row-layout-id162_130cf9-3c > .kt-row-column-wrap{column-gap:var(--global-kb-gap-md, 2rem);row-gap:var(--global-kb-gap-md, 2rem);max-width:var( --global-content-width, 1290px );padding-left:var(--global-content-edge-padding);padding-right:var(--global-content-edge-padding);padding-top:var(--global-kb-spacing-3xl, 6.5rem);padding-bottom:var(--global-kb-spacing-lg, 3rem);min-height:600px;grid-template-columns:minmax(0, 1fr);}.kb-row-layout-id162_130cf9-3c{background-image:url('https:\/\/archscale.de\/wp-content\/uploads\/2025\/09\/EFH_Pr-KS-scaled.jpg');background-size:cover;background-position:16% 9%;background-attachment:scroll;background-repeat:no-repeat;}.kb-row-layout-id162_130cf9-3c > .kt-row-layout-overlay{opacity:0.65;background-color:var(--global-palette4, #2D3748);mix-blend-mode:normal;}@media all and (max-width: 1024px){.kb-row-layout-id162_130cf9-3c > .kt-row-column-wrap{grid-template-columns:minmax(0, 1fr);}}@media all and (max-width: 767px){.kb-row-layout-id162_130cf9-3c > .kt-row-column-wrap{padding-top:var(--global-kb-spacing-xl, 4rem);padding-bottom:var(--global-kb-spacing-xl, 4rem);grid-template-columns:minmax(0, 1fr);}}<\/style><div class=\"kb-row-layout-wrap kb-row-layout-id162_130cf9-3c alignfull kt-row-has-bg wp-block-kadence-rowlayout\"><div class=\"kt-row-layout-overlay kt-row-overlay-normal\"><\/div><div class=\"kt-row-column-wrap kt-has-1-columns kt-row-layout-equal kt-tab-layout-inherit kt-mobile-layout-row kt-row-valign-bottom kb-theme-content-width\">\n<style>.kadence-column162_1febe4-d8 > .kt-inside-inner-col{display:flex;}.kadence-column162_1febe4-d8 > .kt-inside-inner-col{padding-bottom:var(--global-kb-spacing-4xl, 8rem);}.kadence-column162_1febe4-d8 > .kt-inside-inner-col,.kadence-column162_1febe4-d8 > .kt-inside-inner-col:before{border-top-left-radius:0px;border-top-right-radius:0px;border-bottom-right-radius:0px;border-bottom-left-radius:0px;}.kadence-column162_1febe4-d8 > .kt-inside-inner-col{column-gap:var(--global-kb-gap-sm, 1rem);}.kadence-column162_1febe4-d8 > .kt-inside-inner-col{flex-direction:column-reverse;justify-content:flex-end;align-items:center;}.kadence-column162_1febe4-d8 > .kt-inside-inner-col > .kb-image-is-ratio-size{align-self:stretch;}.kadence-column162_1febe4-d8 > .kt-inside-inner-col > .wp-block-kadence-advancedgallery{align-self:stretch;}.kadence-column162_1febe4-d8 > .kt-inside-inner-col > .aligncenter{width:100%;}.kt-row-column-wrap > .kadence-column162_1febe4-d8{align-self:flex-end;}.kt-inner-column-height-full:not(.kt-has-1-columns) > .wp-block-kadence-column.kadence-column162_1febe4-d8{align-self:auto;}.kt-inner-column-height-full:not(.kt-has-1-columns) > .wp-block-kadence-column.kadence-column162_1febe4-d8 > .kt-inside-inner-col{flex-direction:column;justify-content:flex-end;}.kadence-column162_1febe4-d8 > .kt-inside-inner-col:before{opacity:0.3;}.kadence-column162_1febe4-d8{position:relative;}@media all and (max-width: 1024px){.kt-row-column-wrap > .kadence-column162_1febe4-d8{align-self:flex-end;}}@media all and (max-width: 1024px){.kt-inner-column-height-full:not(.kt-has-1-columns) > .wp-block-kadence-column.kadence-column162_1febe4-d8{align-self:auto;}}@media all and (max-width: 1024px){.kt-inner-column-height-full:not(.kt-has-1-columns) > .wp-block-kadence-column.kadence-column162_1febe4-d8 > .kt-inside-inner-col{flex-direction:column;justify-content:flex-end;}}@media all and (max-width: 1024px){.kadence-column162_1febe4-d8 > .kt-inside-inner-col{flex-direction:column-reverse;justify-content:flex-end;align-items:center;}}@media all and (max-width: 767px){.kt-row-column-wrap > .kadence-column162_1febe4-d8{align-self:flex-end;}.kt-inner-column-height-full:not(.kt-has-1-columns) > .wp-block-kadence-column.kadence-column162_1febe4-d8{align-self:auto;}.kt-inner-column-height-full:not(.kt-has-1-columns) > .wp-block-kadence-column.kadence-column162_1febe4-d8 > .kt-inside-inner-col{flex-direction:column;justify-content:flex-end;}.kadence-column162_1febe4-d8 > .kt-inside-inner-col{flex-direction:column-reverse;justify-content:flex-end;align-items:center;}}<\/style>\n<div class=\"wp-block-kadence-column kadence-column162_1febe4-d8 kb-section-dir-vertical-reverse inner-column-1\"><div class=\"kt-inside-inner-col\">\n<h1 class=\"wp-block-heading alignwide has-text-align-center\"><mark style=\"background-color:rgba(0, 0, 0, 0)\" class=\"has-inline-color has-theme-palette-9-color\">Impressum<\/mark><\/h1>\n\n\n<style>.wp-block-kadence-advancedheading.kt-adv-heading162_5bb375-de, .wp-block-kadence-advancedheading.kt-adv-heading162_5bb375-de[data-kb-block=\"kb-adv-heading162_5bb375-de\"]{max-width:600px;margin-right:auto;margin-left:auto;text-align:center;font-style:normal;}.wp-block-kadence-advancedheading.kt-adv-heading162_5bb375-de mark.kt-highlight, .wp-block-kadence-advancedheading.kt-adv-heading162_5bb375-de[data-kb-block=\"kb-adv-heading162_5bb375-de\"] mark.kt-highlight{font-style:normal;color:#f76a0c;-webkit-box-decoration-break:clone;box-decoration-break:clone;padding-top:0px;padding-right:0px;padding-bottom:0px;padding-left:0px;}.wp-block-kadence-advancedheading.kt-adv-heading162_5bb375-de img.kb-inline-image, .wp-block-kadence-advancedheading.kt-adv-heading162_5bb375-de[data-kb-block=\"kb-adv-heading162_5bb375-de\"] img.kb-inline-image{width:150px;vertical-align:baseline;}<\/style>\n<p class=\"kt-adv-heading162_5bb375-de wp-block-kadence-advancedheading has-theme-palette-8-color has-text-color\" data-kb-block=\"kb-adv-heading162_5bb375-de\"><\/p>\n<\/div><\/div>\n\n<\/div><\/div>\n\n\n<h1 class=\"wp-block-heading\">Impressum<\/h1>\n\n\n\n<p>Archscale GbR<br>Goerdelerweg 60<br>73232 Esslingen am Neckar<\/p>\n\n\n\n<p><strong>Vertreten durch:<\/strong><br>Lirim Klaiqi<br>Gentrit Maloku<\/p>\n\n\n\n<h2 class=\"wp-block-heading\">Kontakt<\/h2>\n\n\n\n<p>Telefon: +49 152 27503535<br>E-Mail: info@archscale.de<\/p>\n\n\n\n<h2 class=\"wp-block-heading\">Umsatzsteuer-ID<\/h2>\n\n\n\n<p>Umsatzsteuer-Identifikationsnummer gem\u00e4\u00df \u00a7 27 a Umsatzsteuergesetz:<br>USTID123<\/p>\n\n\n\n<h2 class=\"wp-block-heading\">Redaktionell verantwortlich<\/h2>\n\n\n\n<p>Gesch\u00e4ftsf\u00fchrer<\/p>\n\n\n\n<h2 class=\"wp-block-heading\">EU-Streitschlichtung<\/h2>\n\n\n\n<p>Die Europ\u00e4ische Kommission stellt eine Plattform zur Online-Streitbeilegung (OS) bereit: <a href=\"https:\/\/ec.europa.eu\/consumers\/odr\/\" target=\"_blank\" rel=\"noreferrer noopener\">https:\/\/ec.europa.eu\/consumers\/odr\/<\/a>.<br>Unsere E-Mail-Adresse finden Sie oben im Impressum.<\/p>\n\n\n\n<h2 class=\"wp-block-heading\">Verbraucher\u00adstreit\u00adbeilegung\/Universal\u00adschlichtungs\u00adstelle<\/h2>\n\n\n\n<p>Wir sind nicht bereit oder verpflichtet, an Streitbeilegungsverfahren vor einer Verbraucherschlichtungsstelle teilzunehmen.<\/p>\n\n\n\n<p><\/p>\n\n\n\n<p><\/p>\n","protected":false},"excerpt":{"rendered":"<p>Impressum Impressum Archscale GbRGoerdelerweg 6073232 Esslingen am Neckar Vertreten durch:Lirim KlaiqiGentrit Maloku Kontakt Telefon: +49 152 27503535E-Mail: info@archscale.de Umsatzsteuer-ID Umsatzsteuer-Identifikationsnummer gem\u00e4\u00df \u00a7 27 a Umsatzsteuergesetz:USTID123 Redaktionell verantwortlich Gesch\u00e4ftsf\u00fchrer EU-Streitschlichtung Die Europ\u00e4ische Kommission stellt eine Plattform zur Online-Streitbeilegung (OS) bereit: https:\/\/ec.europa.eu\/consumers\/odr\/.Unsere E-Mail-Adresse finden Sie oben im Impressum. Verbraucher\u00adstreit\u00adbeilegung\/Universal\u00adschlichtungs\u00adstelle Wir sind nicht bereit oder verpflichtet, an Streitbeilegungsverfahren vor einer Verbraucherschlichtungsstelle teilzunehmen.<\/p>\n","protected":false},"author":1,"featured_media":0,"parent":0,"menu_order":0,"comment_status":"closed","ping_status":"closed","template":"","meta":{"_kadence_starter_templates_imported_post":false,"_kad_post_transparent":"","_kad_post_title":"","_kad_post_layout":"","_kad_post_sidebar_id":"","_kad_post_content_style":"","_kad_post_vertical_padding":"","_kad_post_feature":"","_kad_post_feature_position":"","_kad_post_header":false,"_kad_post_footer":false,"_kad_post_classname":"","footnotes":""},"class_list":["post-162","page","type-page","status-publish","hentry"],"_links":{"self":[{"href":"https:\/\/archscale.de\/index.php\/wp-json\/wp\/v2\/pages\/162","targetHints":{"allow":["GET"]}}],"collection":[{"href":"https:\/\/archscale.de\/index.php\/wp-json\/wp\/v2\/pages"}],"about":[{"href":"https:\/\/archscale.de\/index.php\/wp-json\/wp\/v2\/types\/page"}],"author":[{"embeddable":true,"href":"https:\/\/archscale.de\/index.php\/wp-json\/wp\/v2\/users\/1"}],"replies":[{"embeddable":true,"href":"https:\/\/archscale.de\/index.php\/wp-json\/wp\/v2\/comments?post=162"}],"version-history":[{"count":2,"href":"https:\/\/archscale.de\/index.php\/wp-json\/wp\/v2\/pages\/162\/revisions"}],"predecessor-version":[{"id":509,"href":"https:\/\/archscale.de\/index.php\/wp-json\/wp\/v2\/pages\/162\/revisions\/509"}],"wp:attachment":[{"href":"https:\/\/archscale.de\/index.php\/wp-json\/wp\/v2\/media?parent=162"}],"curies":[{"name":"wp","href":"https:\/\/api.w.org\/{rel}","templated":true}]}}